{"id":5836,"date":"2021-05-31T09:34:55","date_gmt":"2021-05-31T09:34:55","guid":{"rendered":"https:\/\/fgsp.ch\/?page_id=5836"},"modified":"2022-01-20T23:06:00","modified_gmt":"2022-01-20T23:06:00","slug":"mes-sauve-dossier","status":"publish","type":"page","link":"https:\/\/fgsp.ch\/?page_id=5836","title":{"rendered":"mes-sauve-dossier"},"content":{"rendered":"<p>[et_pb_section fb_built=&#8221;1&#8243; _builder_version=&#8221;4.9.0&#8243; _module_preset=&#8221;default&#8221; global_colors_info=&#8221;{}&#8221;][et_pb_row _builder_version=&#8221;4.9.4&#8243; _module_preset=&#8221;default&#8221; min_height=&#8221;254.6px&#8221; custom_margin=&#8221;|auto|-35px|auto||&#8221; custom_padding=&#8221;||0px|||&#8221; global_colors_info=&#8221;{}&#8221;][et_pb_column type=&#8221;4_4&#8243; _builder_version=&#8221;4.9.4&#8243; _module_preset=&#8221;default&#8221; background_enable_image=&#8221;off&#8221; custom_padding=&#8221;0px||0px||false|false&#8221; global_colors_info=&#8221;{}&#8221;][et_pb_text _builder_version=&#8221;4.9.4&#8243; _module_preset=&#8221;default&#8221; text_line_height=&#8221;1.2em&#8221; header_text_align=&#8221;center&#8221; background_image=&#8221;https:\/\/fgsp.ch\/wp-content\/uploads\/2021\/05\/entete-plan-radeau.jpg&#8221; min_height=&#8221;172.4px&#8221; custom_padding=&#8221;8px||4px||false|false&#8221; box_shadow_style=&#8221;preset2&#8243; global_colors_info=&#8221;{}&#8221;]<\/p>\n<h1><span style=\"color: #ffffff;\"><\/span><\/h1>\n<h1><span style=\"color: #ffffff;\"><\/span><\/h1>\n<h1><span style=\"color: #ffffff;\"><\/span><\/h1>\n<h1><span style=\"color: #ffffff;\"><\/span><\/h1>\n<h1><span style=\"color: #ffffff;\"><\/span><\/h1>\n<h1><span style=\"color: #ffffff;\"><\/span><\/h1>\n<h1><span style=\"color: #ffffff;\"><\/span><\/h1>\n<h1><span style=\"color: #ffffff;\"><\/span><\/h1>\n<h1><span style=\"color: #ffffff;\"><\/span><\/h1>\n<h1><span style=\"color: #ffffff;\"><\/span><\/h1>\n<h1 style=\"text-align: left;\"><span style=\"color: #ffffff;\">\u00a0 <span style=\"color: #aa0a45;\">DOSSIER SAUVETAGE DES POISSONS<\/span><\/span><\/h1>\n<p>[\/et_pb_text][\/et_pb_column][\/et_pb_row][et_pb_row _builder_version=&#8221;4.9.3&#8243; _module_preset=&#8221;default&#8221; global_colors_info=&#8221;{}&#8221;][et_pb_column type=&#8221;4_4&#8243; _builder_version=&#8221;4.9.3&#8243; _module_preset=&#8221;default&#8221; global_colors_info=&#8221;{}&#8221;][et_pb_text _builder_version=&#8221;4.9.4&#8243; _module_preset=&#8221;default&#8221; text_font=&#8221;||||||||&#8221; text_line_height=&#8221;1em&#8221; header_4_font=&#8221;||||||||&#8221; custom_margin=&#8221;-23px||1px|||&#8221; custom_padding=&#8221;||10px|||&#8221; global_colors_info=&#8221;{}&#8221;]<\/p>\n<p style=\"text-align: center;\"><b><span style=\"color: #000080; font-size: large;\">Sauvetage des poissons avant les vidanges des barrages de Verbois et Chancy-Pougny<\/span><\/b><b><\/b><\/p>\n<p>[\/et_pb_text][et_pb_text _builder_version=&#8221;4.9.4&#8243; _module_preset=&#8221;default&#8221; text_font_size=&#8221;22px&#8221; global_colors_info=&#8221;{}&#8221;]<\/p>\n<p align=\"center\"><span style=\"color: #000080;\"><b><img loading=\"lazy\" decoding=\"async\" src=\"https:\/\/fgsp.ch\/wp-content\/uploads\/2021\/05\/dossier-157x300.jpg\" width=\"157\" height=\"300\" alt=\"\" class=\"wp-image-5867 alignnone size-medium\" \/><\/b><\/span><\/p>\n<p align=\"center\"><span style=\"color: #000080;\"><b>Contenu du dossier de sauvetage des poissons<\/b><\/span><\/p>\n<p>[\/et_pb_text][et_pb_text _builder_version=&#8221;4.9.4&#8243; _module_preset=&#8221;default&#8221; global_colors_info=&#8221;{}&#8221; transform_styles__hover_enabled=&#8221;on|hover&#8221; transform_scale__hover_enabled=&#8221;on|hover&#8221; transform_translate__hover_enabled=&#8221;on|desktop&#8221; transform_rotate__hover_enabled=&#8221;on|desktop&#8221; transform_skew__hover_enabled=&#8221;on|desktop&#8221; transform_origin__hover_enabled=&#8221;on|desktop&#8221; transform_scale__hover=&#8221;130%|130%&#8221;]<\/p>\n<ul>\n<li><a href=\"https:\/\/fgsp.ch\/wp-content\/uploads\/2021\/05\/1997-1-remise-dossier-final.pdf\"><strong><span style=\"color: #0000ff;\">Remise du dossier final de l\u2019op\u00e9ration de sauvetage des poissons \u00e0 SIG<\/span><\/strong><\/a><\/li>\n<\/ul>\n<p>[\/et_pb_text][et_pb_text _builder_version=&#8221;4.9.4&#8243; _module_preset=&#8221;default&#8221; custom_margin=&#8221;-37px|||||&#8221; global_colors_info=&#8221;{}&#8221; transform_styles__hover_enabled=&#8221;on|hover&#8221; transform_scale__hover_enabled=&#8221;on|hover&#8221; transform_translate__hover_enabled=&#8221;on|desktop&#8221; transform_rotate__hover_enabled=&#8221;on|desktop&#8221; transform_skew__hover_enabled=&#8221;on|desktop&#8221; transform_origin__hover_enabled=&#8221;on|desktop&#8221; transform_scale__hover=&#8221;130%|130%&#8221;]<\/p>\n<ul>\n<li><a href=\"https:\/\/fgsp.ch\/wp-content\/uploads\/2021\/05\/1997-2-detail-et-recapitulatif-couts.pdf\"><strong><span style=\"color: #0000ff;\">Le d\u00e9tail et le r\u00e9capitulatif des co\u00fbts<\/span><\/strong><\/a><\/li>\n<\/ul>\n<p>[\/et_pb_text][et_pb_text _builder_version=&#8221;4.9.4&#8243; _module_preset=&#8221;default&#8221; custom_margin=&#8221;-38px|||||&#8221; global_colors_info=&#8221;{}&#8221; transform_styles__hover_enabled=&#8221;on|hover&#8221; transform_scale__hover_enabled=&#8221;on|hover&#8221; transform_translate__hover_enabled=&#8221;on|desktop&#8221; transform_rotate__hover_enabled=&#8221;on|desktop&#8221; transform_skew__hover_enabled=&#8221;on|desktop&#8221; transform_origin__hover_enabled=&#8221;on|desktop&#8221; transform_scale__hover=&#8221;130%|130%&#8221;]<\/p>\n<ul>\n<li><a href=\"https:\/\/fgsp.ch\/wp-content\/uploads\/2021\/05\/1997-3-courriers-preparation-projet.pdf\"><strong><span style=\"color: #0000ff;\">Courriers de pr\u00e9paration du projet de sauvetage<\/span><\/strong><\/a><\/li>\n<\/ul>\n<p>[\/et_pb_text][et_pb_text _builder_version=&#8221;4.9.4&#8243; _module_preset=&#8221;default&#8221; custom_margin=&#8221;-39px|||||&#8221; global_colors_info=&#8221;{}&#8221; transform_styles__hover_enabled=&#8221;on|hover&#8221; transform_scale__hover_enabled=&#8221;on|hover&#8221; transform_translate__hover_enabled=&#8221;on|desktop&#8221; transform_rotate__hover_enabled=&#8221;on|desktop&#8221; transform_skew__hover_enabled=&#8221;on|desktop&#8221; transform_origin__hover_enabled=&#8221;on|desktop&#8221; transform_scale__hover=&#8221;130%|130%&#8221;]<\/p>\n<ul>\n<li><a href=\"https:\/\/fgsp.ch\/wp-content\/uploads\/2021\/05\/1997-4-concept-plans-construction-utilisation-radeaux.pdf\"><strong><span style=\"color: #0000ff;\">Concept de l\u2019op\u00e9ration, plans, construction et utilisation des radeaux<\/span><\/strong><\/a><\/li>\n<\/ul>\n<p>[\/et_pb_text][et_pb_text _builder_version=&#8221;4.9.4&#8243; _module_preset=&#8221;default&#8221; custom_margin=&#8221;-37px|||||&#8221; global_colors_info=&#8221;{}&#8221; transform_styles__hover_enabled=&#8221;on|hover&#8221; transform_scale__hover_enabled=&#8221;on|hover&#8221; transform_translate__hover_enabled=&#8221;on|desktop&#8221; transform_rotate__hover_enabled=&#8221;on|desktop&#8221; transform_skew__hover_enabled=&#8221;on|desktop&#8221; transform_origin__hover_enabled=&#8221;on|desktop&#8221; transform_scale__hover=&#8221;130%|130%&#8221;]<\/p>\n<ul>\n<li><a href=\"https:\/\/fgsp.ch\/wp-content\/uploads\/2021\/05\/1997-5-presentation-compagnie-fgs.pdf\"><strong><span style=\"color: #0000ff;\">Pr\u00e9sentation de la compagnie FGS conceptrice des hydrophones<\/span><\/strong><\/a><\/li>\n<\/ul>\n<p>[\/et_pb_text][et_pb_text _builder_version=&#8221;4.9.4&#8243; _module_preset=&#8221;default&#8221; custom_margin=&#8221;-38px||25px|||&#8221; global_colors_info=&#8221;{}&#8221; transform_styles__hover_enabled=&#8221;on|hover&#8221; transform_scale__hover_enabled=&#8221;on|hover&#8221; transform_translate__hover_enabled=&#8221;on|desktop&#8221; transform_rotate__hover_enabled=&#8221;on|desktop&#8221; transform_skew__hover_enabled=&#8221;on|desktop&#8221; transform_origin__hover_enabled=&#8221;on|desktop&#8221; transform_scale__hover=&#8221;130%|130%&#8221;]<\/p>\n<ul>\n<li><a href=\"https:\/\/fgsp.ch\/wp-content\/uploads\/2021\/05\/1997-6-description-projet-et-couts-fgs.pdf\"><strong><span style=\"color: #0000ff;\">Description et co\u00fbts du projet par la compagnie FGS<\/span><\/strong><\/a><\/li>\n<\/ul>\n<p>[\/et_pb_text][et_pb_text _builder_version=&#8221;4.9.4&#8243; _module_preset=&#8221;default&#8221; custom_margin=&#8221;-32px|||||&#8221; global_colors_info=&#8221;{}&#8221; transform_styles__hover_enabled=&#8221;on|hover&#8221; transform_scale__hover_enabled=&#8221;on|hover&#8221; transform_translate__hover_enabled=&#8221;on|desktop&#8221; transform_rotate__hover_enabled=&#8221;on|desktop&#8221; transform_skew__hover_enabled=&#8221;on|desktop&#8221; transform_origin__hover_enabled=&#8221;on|desktop&#8221; transform_scale__hover=&#8221;130%|130%&#8221;]<\/p>\n<ul>\n<li><a href=\"https:\/\/fgsp.ch\/wp-content\/uploads\/2021\/05\/1997-7-courriers-demandes-autoristions-projet-sauvetage.pdf\"><strong><span style=\"color: #0000ff;\">Courriers demandes autorisations du projet de sauvetage aux autorit\u00e9s genevoises<\/span><\/strong><\/a><\/li>\n<\/ul>\n<p>[\/et_pb_text][et_pb_text _builder_version=&#8221;4.9.4&#8243; _module_preset=&#8221;default&#8221; custom_margin=&#8221;-36px|||||&#8221; global_colors_info=&#8221;{}&#8221; transform_styles__hover_enabled=&#8221;on|hover&#8221; transform_scale__hover_enabled=&#8221;on|hover&#8221; transform_translate__hover_enabled=&#8221;on|desktop&#8221; transform_rotate__hover_enabled=&#8221;on|desktop&#8221; transform_skew__hover_enabled=&#8221;on|desktop&#8221; transform_origin__hover_enabled=&#8221;on|desktop&#8221; transform_scale__hover=&#8221;130%|130%&#8221;]<\/p>\n<ul>\n<li><a href=\"https:\/\/fgsp.ch\/wp-content\/uploads\/2021\/05\/1997-8-description-modelisation.pdf\"><strong><span style=\"color: #0000ff;\">FGS co\u00fbt-description-mod\u00e9lisation du projet de sauvetage<\/span><\/strong><\/a><\/li>\n<\/ul>\n<p>[\/et_pb_text][et_pb_text _builder_version=&#8221;4.9.4&#8243; _module_preset=&#8221;default&#8221; custom_margin=&#8221;-38px|||||&#8221; global_colors_info=&#8221;{}&#8221; transform_styles__hover_enabled=&#8221;on|hover&#8221; transform_scale__hover_enabled=&#8221;on|hover&#8221; transform_translate__hover_enabled=&#8221;on|desktop&#8221; transform_rotate__hover_enabled=&#8221;on|desktop&#8221; transform_skew__hover_enabled=&#8221;on|desktop&#8221; transform_origin__hover_enabled=&#8221;on|desktop&#8221; transform_scale__hover=&#8221;130%|130%&#8221;]<\/p>\n<ul>\n<li><a href=\"https:\/\/fgsp.ch\/wp-content\/uploads\/2021\/05\/1997-9-detail-projet-mesures-preventives-autorisation-vidanges.pdf\"><strong><span style=\"color: #0000ff;\">Autorisation vidanges et mesures pr\u00e9ventives des impacts de la vidange<\/span><\/strong><\/a><\/li>\n<\/ul>\n<p>[\/et_pb_text][et_pb_text _builder_version=&#8221;4.9.4&#8243; _module_preset=&#8221;default&#8221; custom_margin=&#8221;-36px|||||&#8221; global_colors_info=&#8221;{}&#8221; transform_styles__hover_enabled=&#8221;on|hover&#8221; transform_scale__hover_enabled=&#8221;on|hover&#8221; transform_translate__hover_enabled=&#8221;on|desktop&#8221; transform_rotate__hover_enabled=&#8221;on|desktop&#8221; transform_skew__hover_enabled=&#8221;on|desktop&#8221; transform_origin__hover_enabled=&#8221;on|desktop&#8221; transform_scale__hover=&#8221;130%|130%&#8221;]<\/p>\n<ul>\n<li><a href=\"https:\/\/fgsp.ch\/wp-content\/uploads\/2021\/05\/1997-10-autorisations-autorites-concernees.pdf\"><strong><span style=\"color: #0000ff;\">Autorisations des autorit\u00e9s genevoises pour l\u2019ex\u00e9cution du projet de sauvetage des poissons<\/span><\/strong><\/a><\/li>\n<\/ul>\n<p>[\/et_pb_text][et_pb_text _builder_version=&#8221;4.9.4&#8243; _module_preset=&#8221;default&#8221; custom_margin=&#8221;-37px|||||&#8221; global_colors_info=&#8221;{}&#8221; transform_styles__hover_enabled=&#8221;on|hover&#8221; transform_scale__hover_enabled=&#8221;on|hover&#8221; transform_translate__hover_enabled=&#8221;on|desktop&#8221; transform_rotate__hover_enabled=&#8221;on|desktop&#8221; transform_skew__hover_enabled=&#8221;on|desktop&#8221; transform_origin__hover_enabled=&#8221;on|desktop&#8221; transform_scale__hover=&#8221;130%|130%&#8221;]<\/p>\n<ul>\n<li><a href=\"https:\/\/fgsp.ch\/wp-content\/uploads\/2021\/05\/1997-11-dossier-de-presse.pdf\"><strong><span style=\"color: #0000ff;\">Dossier de presse<\/span><\/strong><\/a><\/li>\n<\/ul>\n<p>[\/et_pb_text][et_pb_text _builder_version=&#8221;4.9.4&#8243; _module_preset=&#8221;default&#8221; custom_margin=&#8221;-38px|||||&#8221; global_colors_info=&#8221;{}&#8221; transform_styles__hover_enabled=&#8221;on|hover&#8221; transform_scale__hover_enabled=&#8221;on|hover&#8221; transform_translate__hover_enabled=&#8221;on|desktop&#8221; transform_rotate__hover_enabled=&#8221;on|desktop&#8221; transform_skew__hover_enabled=&#8221;on|desktop&#8221; transform_origin__hover_enabled=&#8221;on|desktop&#8221; transform_scale__hover=&#8221;130%|130%&#8221;]<\/p>\n<ul>\n<li><a href=\"https:\/\/fgsp.ch\/wp-content\/uploads\/2021\/05\/1997-12-articles-presse.pdf\"><strong><span style=\"color: #0000ff;\">Articles presse<\/span><\/strong><\/a><\/li>\n<\/ul>\n<p>[\/et_pb_text][et_pb_text _builder_version=&#8221;4.9.4&#8243; _module_preset=&#8221;default&#8221; custom_margin=&#8221;-37px|||||&#8221; global_colors_info=&#8221;{}&#8221; transform_styles__hover_enabled=&#8221;on|hover&#8221; transform_scale__hover_enabled=&#8221;on|hover&#8221; transform_translate__hover_enabled=&#8221;on|desktop&#8221; transform_rotate__hover_enabled=&#8221;on|desktop&#8221; transform_skew__hover_enabled=&#8221;on|desktop&#8221; transform_origin__hover_enabled=&#8221;on|desktop&#8221; transform_scale__hover=&#8221;130%|130%&#8221;]<\/p>\n<ul>\n<li><a href=\"https:\/\/fgsp.ch\/wp-content\/uploads\/2021\/05\/1997-13-tournage-montage.pdf\"><strong><span style=\"color: #0000ff;\">Tournage et montage films<\/span><\/strong><\/a><\/li>\n<\/ul>\n<p>[\/et_pb_text][et_pb_text _builder_version=&#8221;4.9.4&#8243; _module_preset=&#8221;default&#8221; custom_margin=&#8221;-36px|||||&#8221; global_colors_info=&#8221;{}&#8221; transform_styles__hover_enabled=&#8221;on|hover&#8221; transform_scale__hover_enabled=&#8221;on|hover&#8221; transform_translate__hover_enabled=&#8221;on|desktop&#8221; transform_rotate__hover_enabled=&#8221;on|desktop&#8221; transform_skew__hover_enabled=&#8221;on|desktop&#8221; transform_origin__hover_enabled=&#8221;on|desktop&#8221; transform_scale__hover=&#8221;130%|130%&#8221;]<\/p>\n<ul>\n<li><a href=\"https:\/\/fgsp.ch\/wp-content\/uploads\/2021\/05\/1997-14-frais-divers-fgs.pdf\"><strong><span style=\"color: #0000ff;\">Frais divers FGS<\/span><\/strong><\/a><\/li>\n<\/ul>\n<p>[\/et_pb_text][et_pb_text _builder_version=&#8221;4.9.4&#8243; _module_preset=&#8221;default&#8221; custom_margin=&#8221;-39px|||||&#8221; global_colors_info=&#8221;{}&#8221; transform_styles__hover_enabled=&#8221;on|hover&#8221; transform_scale__hover_enabled=&#8221;on|hover&#8221; transform_translate__hover_enabled=&#8221;on|desktop&#8221; transform_rotate__hover_enabled=&#8221;on|desktop&#8221; transform_skew__hover_enabled=&#8221;on|desktop&#8221; transform_origin__hover_enabled=&#8221;on|desktop&#8221; transform_scale__hover=&#8221;130%|130%&#8221;]<\/p>\n<ul>\n<li><a href=\"https:\/\/fgsp.ch\/wp-content\/uploads\/2021\/05\/1997-15-devis-zschokke.pdf\"><strong><span style=\"color: #0000ff;\">Devis ZSCHOKKE construction radeaux et remorquage avec hydrophones<\/span><\/strong><\/a><\/li>\n<\/ul>\n<p>[\/et_pb_text][et_pb_text _builder_version=&#8221;4.9.4&#8243; _module_preset=&#8221;default&#8221; custom_margin=&#8221;-36px|||||&#8221; global_colors_info=&#8221;{}&#8221; transform_styles__hover_enabled=&#8221;on|hover&#8221; transform_scale__hover_enabled=&#8221;on|hover&#8221; transform_translate__hover_enabled=&#8221;on|desktop&#8221; transform_rotate__hover_enabled=&#8221;on|desktop&#8221; transform_skew__hover_enabled=&#8221;on|desktop&#8221; transform_origin__hover_enabled=&#8221;on|desktop&#8221; transform_scale__hover=&#8221;130%|130%&#8221;]<\/p>\n<ul>\n<li><a href=\"https:\/\/fgsp.ch\/wp-content\/uploads\/2021\/05\/1997-16-facture-zschokke.pdf\"><strong><span style=\"color: #0000ff;\">Facture ZSCHOKKE construction radeaux et remorquage avec hydrophones<\/span><\/strong><\/a><\/li>\n<\/ul>\n<p>[\/et_pb_text][et_pb_text _builder_version=&#8221;4.9.4&#8243; _module_preset=&#8221;default&#8221; custom_margin=&#8221;-35px|||||&#8221; global_colors_info=&#8221;{}&#8221; transform_styles__hover_enabled=&#8221;on|hover&#8221; transform_scale__hover_enabled=&#8221;on|hover&#8221; transform_translate__hover_enabled=&#8221;on|desktop&#8221; transform_rotate__hover_enabled=&#8221;on|desktop&#8221; transform_skew__hover_enabled=&#8221;on|desktop&#8221; transform_origin__hover_enabled=&#8221;on|desktop&#8221; transform_scale__hover=&#8221;130%|130%&#8221;]<\/p>\n<ul>\n<li><a href=\"https:\/\/fgsp.ch\/wp-content\/uploads\/2021\/05\/1997-17-factures-fgs.pdf\"><strong><span style=\"color: #0000ff;\">Devis FGS location et installation du mat\u00e9riel (Amplis-hydrophones)<\/span><\/strong><\/a><\/li>\n<\/ul>\n<p>[\/et_pb_text][et_pb_text _builder_version=&#8221;4.9.4&#8243; _module_preset=&#8221;default&#8221; custom_margin=&#8221;-39px|||||&#8221; global_colors_info=&#8221;{}&#8221; transform_styles__hover_enabled=&#8221;on|hover&#8221; transform_scale__hover_enabled=&#8221;on|hover&#8221; transform_translate__hover_enabled=&#8221;on|desktop&#8221; transform_rotate__hover_enabled=&#8221;on|desktop&#8221; transform_skew__hover_enabled=&#8221;on|desktop&#8221; transform_origin__hover_enabled=&#8221;on|desktop&#8221; transform_scale__hover=&#8221;130%|130%&#8221;]<\/p>\n<ul>\n<li><a href=\"https:\/\/fgsp.ch\/wp-content\/uploads\/2021\/05\/1997-18-assurance-materiel.pdf\"><strong><span style=\"color: #0000ff;\">Assurance du mat\u00e9riel de la soci\u00e9t\u00e9 FGS<\/span><\/strong><\/a><\/li>\n<\/ul>\n<p>[\/et_pb_text][et_pb_text _builder_version=&#8221;4.9.4&#8243; _module_preset=&#8221;default&#8221; custom_margin=&#8221;-36px|||||&#8221; custom_padding=&#8221;||0px|||&#8221; global_colors_info=&#8221;{}&#8221; transform_styles__hover_enabled=&#8221;on|hover&#8221; transform_scale__hover_enabled=&#8221;on|hover&#8221; transform_translate__hover_enabled=&#8221;on|desktop&#8221; transform_rotate__hover_enabled=&#8221;on|desktop&#8221; transform_skew__hover_enabled=&#8221;on|desktop&#8221; transform_origin__hover_enabled=&#8221;on|desktop&#8221; transform_scale__hover=&#8221;130%|130%&#8221;]<\/p>\n<ul>\n<li><a href=\"https:\/\/fgsp.ch\/wp-content\/uploads\/2021\/05\/1997-19-facture-ecologue.pdf\"><strong><span style=\"color: #0000ff;\">Facture \u00e9cologue<\/span><\/strong><\/a><\/li>\n<\/ul>\n<p>[\/et_pb_text][et_pb_text _builder_version=&#8221;4.9.4&#8243; _module_preset=&#8221;default&#8221; custom_margin=&#8221;-32px|||||&#8221; global_colors_info=&#8221;{}&#8221; transform_styles__hover_enabled=&#8221;on|hover&#8221; transform_scale__hover_enabled=&#8221;on|hover&#8221; transform_translate__hover_enabled=&#8221;on|desktop&#8221; transform_rotate__hover_enabled=&#8221;on|desktop&#8221; transform_skew__hover_enabled=&#8221;on|desktop&#8221; transform_origin__hover_enabled=&#8221;on|desktop&#8221; transform_scale__hover=&#8221;130%|130%&#8221;]<\/p>\n<ul>\n<li><a href=\"https:\/\/fgsp.ch\/wp-content\/uploads\/2021\/05\/1997-20-facture-intervention-materiel-electrique.pdf\"><strong><span style=\"color: #0000ff;\">Facture intervention et mat\u00e9riel \u00e9lectrique<\/span><\/strong><\/a><\/li>\n<\/ul>\n<p>[\/et_pb_text][et_pb_text _builder_version=&#8221;4.9.4&#8243; _module_preset=&#8221;default&#8221; custom_margin=&#8221;-37px|||||&#8221; global_colors_info=&#8221;{}&#8221; transform_styles__hover_enabled=&#8221;on|hover&#8221; transform_scale__hover_enabled=&#8221;on|hover&#8221; transform_translate__hover_enabled=&#8221;on|desktop&#8221; transform_rotate__hover_enabled=&#8221;on|desktop&#8221; transform_skew__hover_enabled=&#8221;on|desktop&#8221; transform_origin__hover_enabled=&#8221;on|desktop&#8221; transform_scale__hover=&#8221;130%|130%&#8221;]<\/p>\n<ul>\n<li><a href=\"https:\/\/fgsp.ch\/wp-content\/uploads\/2021\/05\/1997-21-installation-electricite.pdf\"><strong><span style=\"color: #0000ff;\">Installation \u00e9lectricit\u00e9 au Pont Butin<\/span><\/strong><\/a><\/li>\n<\/ul>\n<p>[\/et_pb_text][\/et_pb_column][\/et_pb_row][et_pb_row _builder_version=&#8221;4.9.4&#8243; _module_preset=&#8221;default&#8221; custom_margin=&#8221;-5px|auto|-8px|auto||&#8221; custom_padding=&#8221;||10px|||&#8221; global_colors_info=&#8221;{}&#8221; column_structure=&#8221;1_2,1_2&#8243;][et_pb_column type=&#8221;1_2&#8243; _builder_version=&#8221;4.9.4&#8243; _module_preset=&#8221;default&#8221; global_colors_info=&#8221;{}&#8221;][et_pb_video src=&#8221;\/videos\/le-sauvetage-synergies-geneve-2&#8243; src_webm=&#8221;\/videos\/le-sauvetage-synergies-geneve-2&#8243; _builder_version=&#8221;4.14.6&#8243; _module_preset=&#8221;default&#8221; width=&#8221;60%&#8221; module_alignment=&#8221;center&#8221; custom_margin=&#8221;||1px||false|false&#8221; hover_enabled=&#8221;0&#8243; border_radii=&#8221;on|6px|6px|6px|6px&#8221; box_shadow_style=&#8221;preset2&#8243; global_colors_info=&#8221;{}&#8221; sticky_enabled=&#8221;0&#8243;][\/et_pb_video][et_pb_text _builder_version=&#8221;4.14.6&#8243; _module_preset=&#8221;default&#8221; link_option_url=&#8221;\/videos\/le-sauvetage-synergies-geneve-2&#8243; global_colors_info=&#8221;{}&#8221;]<\/p>\n<p style=\"text-align: center;\">Film du sauvetage des poissons lors de la vidange de l&#8217;An 1997<\/p>\n<p>[\/et_pb_text][\/et_pb_column][et_pb_column type=&#8221;1_2&#8243; _builder_version=&#8221;4.9.4&#8243; _module_preset=&#8221;default&#8221; global_colors_info=&#8221;{}&#8221;][et_pb_video src=&#8221;\/videos\/1-description-sauvetage&#8221; _builder_version=&#8221;4.14.6&#8243; _module_preset=&#8221;default&#8221; src_webm=&#8221;\/videos\/1-description-sauvetage&#8221; width=&#8221;60%&#8221; module_alignment=&#8221;center&#8221; custom_margin=&#8221;||1px||false|false&#8221; border_radii=&#8221;on|4px|4px|4px|4px&#8221; box_shadow_style=&#8221;preset2&#8243; hover_enabled=&#8221;0&#8243; sticky_enabled=&#8221;0&#8243;][\/et_pb_video][et_pb_text _builder_version=&#8221;4.14.6&#8243; _module_preset=&#8221;default&#8221; link_option_url=&#8221;\/videos\/1-description-sauvetage&#8221; hover_enabled=&#8221;0&#8243; sticky_enabled=&#8221;0&#8243;]<\/p>\n<p style=\"text-align: center;\">Description de l&#8217;op\u00e9ration de sauvetage<\/p>\n<p>[\/et_pb_text][\/et_pb_column][\/et_pb_row][\/et_pb_section]<\/p>\n","protected":false},"excerpt":{"rendered":"<p>\u00a0 DOSSIER SAUVETAGE DES POISSONSSauvetage des poissons avant les vidanges des barrages de Verbois et Chancy-Pougny Contenu du dossier de sauvetage des poissons Remise du dossier final de l\u2019op\u00e9ration de sauvetage des poissons \u00e0 SIG Le d\u00e9tail et le r\u00e9capitulatif des co\u00fbts Courriers de pr\u00e9paration du projet de sauvetage Concept de l\u2019op\u00e9ration, plans, construction et [&hellip;]<\/p>\n","protected":false},"author":1,"featured_media":0,"parent":0,"menu_order":0,"comment_status":"closed","ping_status":"closed","template":"","meta":{"_et_pb_use_builder":"on","_et_pb_old_content":"","_et_gb_content_width":"","footnotes":""},"_links":{"self":[{"href":"https:\/\/fgsp.ch\/index.php?rest_route=\/wp\/v2\/pages\/5836"}],"collection":[{"href":"https:\/\/fgsp.ch\/index.php?rest_route=\/wp\/v2\/pages"}],"about":[{"href":"https:\/\/fgsp.ch\/index.php?rest_route=\/wp\/v2\/types\/page"}],"author":[{"embeddable":true,"href":"https:\/\/fgsp.ch\/index.php?rest_route=\/wp\/v2\/users\/1"}],"replies":[{"embeddable":true,"href":"https:\/\/fgsp.ch\/index.php?rest_route=%2Fwp%2Fv2%2Fcomments&post=5836"}],"version-history":[{"count":18,"href":"https:\/\/fgsp.ch\/index.php?rest_route=\/wp\/v2\/pages\/5836\/revisions"}],"predecessor-version":[{"id":6375,"href":"https:\/\/fgsp.ch\/index.php?rest_route=\/wp\/v2\/pages\/5836\/revisions\/6375"}],"wp:attachment":[{"href":"https:\/\/fgsp.ch\/index.php?rest_route=%2Fwp%2Fv2%2Fmedia&parent=5836"}],"curies":[{"name":"wp","href":"https:\/\/api.w.org\/{rel}","templated":true}]}}