{"id":5316,"date":"2021-05-05T15:54:56","date_gmt":"2021-05-05T15:54:56","guid":{"rendered":"https:\/\/fgsp.ch\/?page_id=5316"},"modified":"2022-01-20T23:41:45","modified_gmt":"2022-01-20T23:41:45","slug":"mes-sauvetage","status":"publish","type":"page","link":"https:\/\/fgsp.ch\/?page_id=5316","title":{"rendered":"mes-sauvetage"},"content":{"rendered":"<p>[et_pb_section fb_built=&#8221;1&#8243; _builder_version=&#8221;4.9.0&#8243; _module_preset=&#8221;default&#8221; global_colors_info=&#8221;{}&#8221;][et_pb_row _builder_version=&#8221;4.9.4&#8243; _module_preset=&#8221;default&#8221; min_height=&#8221;254.6px&#8221; custom_margin=&#8221;|auto|-35px|auto||&#8221; custom_padding=&#8221;||0px|||&#8221; global_colors_info=&#8221;{}&#8221;][et_pb_column type=&#8221;4_4&#8243; _builder_version=&#8221;4.9.4&#8243; _module_preset=&#8221;default&#8221; background_enable_image=&#8221;off&#8221; custom_padding=&#8221;0px||0px||false|false&#8221; global_colors_info=&#8221;{}&#8221;][et_pb_text _builder_version=&#8221;4.9.4&#8243; _module_preset=&#8221;default&#8221; text_line_height=&#8221;1.2em&#8221; header_text_align=&#8221;center&#8221; background_image=&#8221;https:\/\/fgsp.ch\/wp-content\/uploads\/2021\/05\/ed-er-1m-b-1024.jpg&#8221; min_height=&#8221;172.4px&#8221; custom_padding=&#8221;8px||4px||false|false&#8221; box_shadow_style=&#8221;preset2&#8243; global_colors_info=&#8221;{}&#8221;]<\/p>\n<h1 style=\"text-align: left;\"><span style=\"color: #f2f2f2;\">\u00a0 LE SAUVETAGE DES POISSONS<\/span><span style=\"color: #ffffff;\"><\/span><\/h1>\n<h1><span style=\"color: #ffffff;\"><\/span><\/h1>\n<h1><span style=\"color: #ffffff;\"><\/span><\/h1>\n<h1><span style=\"color: #ffffff;\"><\/span><\/h1>\n<h1><span style=\"color: #ffffff;\"><\/span><\/h1>\n<h1><span style=\"color: #ffffff;\"><\/span><\/h1>\n<h1><span style=\"color: #ffffff;\"><\/span><\/h1>\n<h1><span style=\"color: #ffffff;\"><\/span><\/h1>\n<h1><span style=\"color: #ffffff;\"><\/span><\/h1>\n<h1><span style=\"color: #ffffff;\"><\/span><\/h1>\n<h1><span style=\"color: #ffffff;\"><\/span><\/h1>\n<h1><span style=\"color: #ffffff;\"><\/span><\/h1>\n<p>[\/et_pb_text][\/et_pb_column][\/et_pb_row][et_pb_row _builder_version=&#8221;4.9.3&#8243; _module_preset=&#8221;default&#8221; global_colors_info=&#8221;{}&#8221;][et_pb_column type=&#8221;4_4&#8243; _builder_version=&#8221;4.9.3&#8243; _module_preset=&#8221;default&#8221; global_colors_info=&#8221;{}&#8221;][et_pb_text _builder_version=&#8221;4.9.4&#8243; _module_preset=&#8221;default&#8221; text_font=&#8221;||||||||&#8221; text_line_height=&#8221;1em&#8221; header_4_font=&#8221;||||||||&#8221; custom_margin=&#8221;-23px||1px|||&#8221; custom_padding=&#8221;||10px|||&#8221; global_colors_info=&#8221;{}&#8221;]<\/p>\n<p style=\"text-align: center;\"><b><span style=\"color: #000080; font-size: large;\">Sauvetage des poissons avant les vidanges des barrages de Verbois et de Chancy-Pougny<\/span><\/b><b><\/b><\/p>\n<p>[\/et_pb_text][et_pb_text _builder_version=&#8221;4.9.4&#8243; _module_preset=&#8221;default&#8221; global_colors_info=&#8221;{}&#8221;]<\/p>\n<p style=\"text-align: center;\"><b>Projet de sauvetage des poissons<span><br \/><\/span>avant les vidanges des barrages de Verbois et de Chancy-Pougny.<\/b><\/p>\n<p>[\/et_pb_text][et_pb_text _builder_version=&#8221;4.9.4&#8243; _module_preset=&#8221;default&#8221; text_line_height=&#8221;1em&#8221; custom_margin=&#8221;-13px|||||&#8221; custom_padding=&#8221;0px||12px|||&#8221; global_colors_info=&#8221;{}&#8221; transform_styles__hover_enabled=&#8221;on|hover&#8221; transform_scale__hover_enabled=&#8221;on|hover&#8221; transform_translate__hover_enabled=&#8221;on|desktop&#8221; transform_rotate__hover_enabled=&#8221;on|desktop&#8221; transform_skew__hover_enabled=&#8221;on|desktop&#8221; transform_origin__hover_enabled=&#8221;on|desktop&#8221; transform_scale__hover=&#8221;120%|120%&#8221;]<\/p>\n<h5 style=\"text-align: center;\"><span style=\"font-size: medium; color: #0000ff;\"><em><span style=\"font-family: Verdana;\">N.B. Toutes les esp\u00e8ces de poissons qui peuplent le Rh\u00f4ne sont concern\u00e9es par cette op\u00e9ration.<\/span><\/em><\/span><\/h5>\n<p>[\/et_pb_text][\/et_pb_column][\/et_pb_row][et_pb_row column_structure=&#8221;2_5,3_5&#8243; _builder_version=&#8221;4.9.4&#8243; _module_preset=&#8221;default&#8221; custom_margin=&#8221;-21px|auto||auto||&#8221; global_colors_info=&#8221;{}&#8221;][et_pb_column type=&#8221;2_5&#8243; _builder_version=&#8221;4.9.4&#8243; _module_preset=&#8221;default&#8221; global_colors_info=&#8221;{}&#8221;][et_pb_text _builder_version=&#8221;4.9.4&#8243; _dynamic_attributes=&#8221;link_option_url&#8221; _module_preset=&#8221;default&#8221; link_option_url=&#8221;@ET-DC@eyJkeW5hbWljIjp0cnVlLCJjb250ZW50IjoicG9zdF9saW5rX3VybF9wYWdlIiwic2V0dGluZ3MiOnsicG9zdF9pZCI6IjUzMjUifX0=@&#8221; global_colors_info=&#8221;{}&#8221; transform_styles__hover_enabled=&#8221;on|hover&#8221; transform_scale__hover_enabled=&#8221;on|hover&#8221; transform_translate__hover_enabled=&#8221;on|desktop&#8221; transform_rotate__hover_enabled=&#8221;on|desktop&#8221; transform_skew__hover_enabled=&#8221;on|desktop&#8221; transform_origin__hover_enabled=&#8221;on|desktop&#8221; transform_scale__hover=&#8221;120%|120%&#8221;]<\/p>\n<h4 style=\"text-align: center;\"><strong><span style=\"color: #993366;\">Description du projet<\/span><\/strong><\/h4>\n<p>[\/et_pb_text][et_pb_text _builder_version=&#8221;4.9.4&#8243; _dynamic_attributes=&#8221;link_option_url&#8221; _module_preset=&#8221;default&#8221; custom_margin=&#8221;-10px||32px|||&#8221; link_option_url=&#8221;@ET-DC@eyJkeW5hbWljIjp0cnVlLCJjb250ZW50IjoicG9zdF9saW5rX3VybF9wYWdlIiwic2V0dGluZ3MiOnsicG9zdF9pZCI6IjU1MzEifX0=@&#8221; global_colors_info=&#8221;{}&#8221; transform_styles__hover_enabled=&#8221;on|hover&#8221; transform_scale__hover_enabled=&#8221;on|hover&#8221; transform_translate__hover_enabled=&#8221;on|desktop&#8221; transform_rotate__hover_enabled=&#8221;on|desktop&#8221; transform_skew__hover_enabled=&#8221;on|desktop&#8221; transform_origin__hover_enabled=&#8221;on|desktop&#8221; transform_scale__hover=&#8221;120%|120%&#8221;]<\/p>\n<h4 style=\"text-align: center;\"><strong><span style=\"color: #993366;\">Contenu du projet<\/span><\/strong><\/h4>\n<p>[\/et_pb_text][et_pb_video src=&#8221;\/videos\/vid-barrage-verbois-vidange&#8221; src_webm=&#8221;\/videos\/vid-barrage-verbois-vidange&#8221; _builder_version=&#8221;4.14.6&#8243; _module_preset=&#8221;default&#8221; custom_margin=&#8221;||1px||false|false&#8221; border_radii=&#8221;on|4px|4px|4px|4px&#8221; box_shadow_style=&#8221;preset2&#8243; global_colors_info=&#8221;{}&#8221;][\/et_pb_video][et_pb_text _builder_version=&#8221;4.14.6&#8243; _module_preset=&#8221;default&#8221; link_option_url=&#8221;\/videos\/vid-barrage-verbois-vidange&#8221; hover_enabled=&#8221;0&#8243; global_colors_info=&#8221;{}&#8221; sticky_enabled=&#8221;0&#8243;]<\/p>\n<h5 style=\"text-align: center;\"><strong><span style=\"color: #993366;\">Vue a\u00e9rienne du barrage de Verbois lors de la vidange 1997<\/span><\/strong><\/h5>\n<p>[\/et_pb_text][\/et_pb_column][et_pb_column type=&#8221;3_5&#8243; _builder_version=&#8221;4.9.4&#8243; _module_preset=&#8221;default&#8221; global_colors_info=&#8221;{}&#8221;][et_pb_image src=&#8221;https:\/\/fgsp.ch\/wp-content\/uploads\/2021\/05\/sauvetage-02.jpg&#8221; title_text=&#8221;sauvetage-02&#8243; _builder_version=&#8221;4.9.4&#8243; _module_preset=&#8221;default&#8221; box_shadow_style=&#8221;preset2&#8243; global_colors_info=&#8221;{}&#8221;][\/et_pb_image][\/et_pb_column][\/et_pb_row][et_pb_row _builder_version=&#8221;4.14.6&#8243; _module_preset=&#8221;default&#8221; global_colors_info=&#8221;{}&#8221;][et_pb_column type=&#8221;4_4&#8243; _builder_version=&#8221;4.14.6&#8243; _module_preset=&#8221;default&#8221; global_colors_info=&#8221;{}&#8221;][et_pb_text _builder_version=&#8221;4.14.6&#8243; _module_preset=&#8221;default&#8221; global_colors_info=&#8221;{}&#8221;]<\/p>\n<p><span>La FGSP remercie tout particuli\u00e8rement Monsieur Val\u00e9rio Zuodar pour son engagement inconditionnel et son \u00e9norme travail de conception, de coordination et de r\u00e9alisation de l&#8217;op\u00e9ration de sauvetage des poissons du Rh\u00f4ne genevois avant la vidange du barrage de Verbois.<\/span><\/p>\n<p>Elle remercie aussi tous les p\u00eacheurs qui se sont investis pour mener \u00e0 bien cette extraordinaire op\u00e9ration.<\/p>\n<p>[\/et_pb_text][\/et_pb_column][\/et_pb_row][et_pb_row column_structure=&#8221;1_2,1_2&#8243; _builder_version=&#8221;4.9.4&#8243; _module_preset=&#8221;default&#8221; global_colors_info=&#8221;{}&#8221;][et_pb_column type=&#8221;1_2&#8243; _builder_version=&#8221;4.9.4&#8243; _module_preset=&#8221;default&#8221; global_colors_info=&#8221;{}&#8221;][et_pb_image src=&#8221;https:\/\/fgsp.ch\/wp-content\/uploads\/2021\/05\/er-1m-1024.jpg&#8221; title_text=&#8221;er-1m-1024&#8243; _builder_version=&#8221;4.9.4&#8243; _module_preset=&#8221;default&#8221; box_shadow_style=&#8221;preset2&#8243; global_colors_info=&#8221;{}&#8221;][\/et_pb_image][\/et_pb_column][et_pb_column type=&#8221;1_2&#8243; _builder_version=&#8221;4.9.4&#8243; _module_preset=&#8221;default&#8221; global_colors_info=&#8221;{}&#8221;][et_pb_image src=&#8221;https:\/\/fgsp.ch\/wp-content\/uploads\/2021\/05\/ed-er-1m.jpg&#8221; title_text=&#8221;ed-er-1m&#8221; _builder_version=&#8221;4.9.4&#8243; _module_preset=&#8221;default&#8221; custom_margin=&#8221;|||-26px||&#8221; box_shadow_style=&#8221;preset2&#8243; global_colors_info=&#8221;{}&#8221;][\/et_pb_image][\/et_pb_column][\/et_pb_row][et_pb_row _builder_version=&#8221;4.9.4&#8243; _module_preset=&#8221;default&#8221; global_colors_info=&#8221;{}&#8221;][et_pb_column type=&#8221;4_4&#8243; _builder_version=&#8221;4.9.4&#8243; _module_preset=&#8221;default&#8221; global_colors_info=&#8221;{}&#8221;][et_pb_text _builder_version=&#8221;4.9.4&#8243; _module_preset=&#8221;default&#8221; custom_margin=&#8221;||13px|||&#8221; global_colors_info=&#8221;{}&#8221;]<\/p>\n<p>Le sauvetage des poissons pour minimiser les impacts n\u00e9gatifs li\u00e9s aux vidanges des barrages de Verbois et Chancy-Pougny a \u00e9t\u00e9 possible par un \u00e9norme investissement des p\u00eacheurs de la FGSP qui en ont \u00e9t\u00e9 les acteurs.<\/p>\n<p>Tous les aspects d&#8217;exigences, de f\u00e9d\u00e9ration, de coordination, de pr\u00e9cision, de recherches, d&#8217;\u00e9tudes, d&#8217;organisation, d&#8217;administration, de s\u00e9curit\u00e9 et d&#8217;actions de terrain ont d\u00fb \u00eatre satisfaits pour son aboutissement.<\/p>\n<p>La FGSP laisse \u00e0 ceux qui veulent prendre sa place le devoir de le faire reconduire avant chaque vidange en y apportant tous les objets n\u00e9cessaires \u00e0 am\u00e9liorer son efficacit\u00e9.\u00a0<\/p>\n<p>[\/et_pb_text][et_pb_text _builder_version=&#8221;4.9.4&#8243; _module_preset=&#8221;default&#8221; global_colors_info=&#8221;{}&#8221; transform_styles__hover_enabled=&#8221;on|hover&#8221; transform_scale__hover_enabled=&#8221;on|hover&#8221; transform_translate__hover_enabled=&#8221;on|desktop&#8221; transform_rotate__hover_enabled=&#8221;on|desktop&#8221; transform_skew__hover_enabled=&#8221;on|desktop&#8221; transform_origin__hover_enabled=&#8221;on|desktop&#8221; transform_scale__hover=&#8221;130%|130%&#8221;]<\/p>\n<p style=\"text-align: center;\">En ce sens, vous trouverez ici <a href=\"https:\/\/fgsp.ch\/?page_id=5836\">l<strong>e dossier final adress\u00e9 \u00e0 SIG par la FGSP<\/strong><\/a>.<\/p>\n<p style=\"text-align: center;\">Ce dossier a aussi \u00e9t\u00e9 en son temps mis \u00e0 la disposition de la population, pour consultation,\u00a0 dans tous les magasins de p\u00eache du canton de Gen\u00e8ve.<\/p>\n<p>[\/et_pb_text][et_pb_text _builder_version=&#8221;4.9.4&#8243; _module_preset=&#8221;default&#8221; custom_margin=&#8221;-6px|||||&#8221; global_colors_info=&#8221;{}&#8221;]<\/p>\n<p style=\"text-align: center;\">La FGSP vous en souhaite bonne lecture et esp\u00e8re que cet outil soit utilis\u00e9 par les g\u00e9n\u00e9rations futures pour la sauvegarde du milieu piscicole.<\/p>\n<p>[\/et_pb_text][\/et_pb_column][\/et_pb_row][et_pb_row column_structure=&#8221;1_2,1_2&#8243; _builder_version=&#8221;4.9.4&#8243; _module_preset=&#8221;default&#8221; global_colors_info=&#8221;{}&#8221;][et_pb_column type=&#8221;1_2&#8243; _builder_version=&#8221;4.9.4&#8243; _module_preset=&#8221;default&#8221; global_colors_info=&#8221;{}&#8221;][et_pb_image src=&#8221;https:\/\/fgsp.ch\/wp-content\/uploads\/2021\/05\/dossier.jpg&#8221; title_text=&#8221;dossier&#8221; url=&#8221;@ET-DC@eyJkeW5hbWljIjp0cnVlLCJjb250ZW50IjoicG9zdF9saW5rX3VybF9wYWdlIiwic2V0dGluZ3MiOnsicG9zdF9pZCI6IjU4MzYifX0=@&#8221; align=&#8221;center&#8221; _builder_version=&#8221;4.14.6&#8243; _dynamic_attributes=&#8221;url&#8221; _module_preset=&#8221;default&#8221; width=&#8221;25%&#8221; custom_margin=&#8221;0px||1px||false|false&#8221; custom_padding=&#8221;0px|0px||0px||&#8221; border_radii=&#8221;on|4px|4px|4px|4px&#8221; box_shadow_style=&#8221;preset2&#8243; global_colors_info=&#8221;{}&#8221;][\/et_pb_image][et_pb_text _builder_version=&#8221;4.14.6&#8243; _dynamic_attributes=&#8221;link_option_url&#8221; _module_preset=&#8221;default&#8221; link_option_url=&#8221;@ET-DC@eyJkeW5hbWljIjp0cnVlLCJjb250ZW50IjoicG9zdF9saW5rX3VybF9wYWdlIiwic2V0dGluZ3MiOnsicG9zdF9pZCI6IjUzMjUifX0=@&#8221; global_colors_info=&#8221;{}&#8221;]<\/p>\n<p style=\"text-align: center;\">Dossier du sauvetage des poissons du 30 mai 1997<\/p>\n<p>[\/et_pb_text][\/et_pb_column][et_pb_column type=&#8221;1_2&#8243; _builder_version=&#8221;4.9.4&#8243; _module_preset=&#8221;default&#8221; global_colors_info=&#8221;{}&#8221;][et_pb_video src=&#8221;\/videos\/le-sauvetage-synergies-geneve-2&#8243; src_webm=&#8221;\/videos\/le-sauvetage-synergies-geneve-2&#8243; _builder_version=&#8221;4.14.6&#8243; _module_preset=&#8221;default&#8221; width=&#8221;62%&#8221; module_alignment=&#8221;center&#8221; custom_margin=&#8221;||1px||false|false&#8221; border_radii=&#8221;on|6px|6px|6px|6px&#8221; box_shadow_style=&#8221;preset2&#8243; global_colors_info=&#8221;{}&#8221;][\/et_pb_video][et_pb_text _builder_version=&#8221;4.14.6&#8243; _module_preset=&#8221;default&#8221; link_option_url=&#8221;\/videos\/le-sauvetage-synergies-geneve-2&#8243; global_colors_info=&#8221;{}&#8221;]<\/p>\n<p style=\"text-align: center;\">Film du sauvetage des poissons lors de la vidange de l&#8217;an 1997<\/p>\n<p>[\/et_pb_text][\/et_pb_column][\/et_pb_row][\/et_pb_section]<\/p>\n","protected":false},"excerpt":{"rendered":"<p>\u00a0 LE SAUVETAGE DES POISSONS Sauvetage des poissons avant les vidanges des barrages de Verbois et de Chancy-PougnyProjet de sauvetage des poissonsavant les vidanges des barrages de Verbois et de Chancy-Pougny.N.B. Toutes les esp\u00e8ces de poissons qui peuplent le Rh\u00f4ne sont concern\u00e9es par cette op\u00e9ration.Description du projetContenu du projetVue a\u00e9rienne du barrage de Verbois lors [&hellip;]<\/p>\n","protected":false},"author":1,"featured_media":0,"parent":0,"menu_order":0,"comment_status":"closed","ping_status":"closed","template":"","meta":{"_et_pb_use_builder":"on","_et_pb_old_content":"","_et_gb_content_width":"","footnotes":""},"_links":{"self":[{"href":"https:\/\/fgsp.ch\/index.php?rest_route=\/wp\/v2\/pages\/5316"}],"collection":[{"href":"https:\/\/fgsp.ch\/index.php?rest_route=\/wp\/v2\/pages"}],"about":[{"href":"https:\/\/fgsp.ch\/index.php?rest_route=\/wp\/v2\/types\/page"}],"author":[{"embeddable":true,"href":"https:\/\/fgsp.ch\/index.php?rest_route=\/wp\/v2\/users\/1"}],"replies":[{"embeddable":true,"href":"https:\/\/fgsp.ch\/index.php?rest_route=%2Fwp%2Fv2%2Fcomments&post=5316"}],"version-history":[{"count":29,"href":"https:\/\/fgsp.ch\/index.php?rest_route=\/wp\/v2\/pages\/5316\/revisions"}],"predecessor-version":[{"id":6381,"href":"https:\/\/fgsp.ch\/index.php?rest_route=\/wp\/v2\/pages\/5316\/revisions\/6381"}],"wp:attachment":[{"href":"https:\/\/fgsp.ch\/index.php?rest_route=%2Fwp%2Fv2%2Fmedia&parent=5316"}],"curies":[{"name":"wp","href":"https:\/\/api.w.org\/{rel}","templated":true}]}}